{"id":569,"date":"2016-10-22T12:11:25","date_gmt":"2016-10-22T10:11:25","guid":{"rendered":"https:\/\/www.satcotek.com\/en\/?page_id=569"},"modified":"2024-08-13T21:59:55","modified_gmt":"2024-08-13T19:59:55","slug":"ethyl-ascorbic-acid","status":"publish","type":"page","link":"https:\/\/www.satcotek.com\/en\/careriq-oe\/antioxidantien\/ethyl-ascorbic-acid\/","title":{"rendered":"Ethyl ascorbic acid"},"content":{"rendered":"<section>\n<p>Hydriertes Polydecen ist ein Weichmacher, der hilft, die Haut glatt und weich zu halten. Es reduziert den transepidermalen Wasserverlust und h\u00e4lt die Feuchtigkeit im Haar eingeschlossen. Es wirkt als L\u00f6sungs-, Pflege- und Maskierungsmittel f\u00fcr Haut und Haar.<\/p>\n<p>Es wird in Sonnenpflege, Make-up, Cremes, Haarpflege, Babyprodukten usw. verwendet.<\/p>\n<\/section>\n<p>\u00a0<\/p>\n","protected":false},"excerpt":{"rendered":"<p>Hydriertes Polydecen ist ein Weichmacher, der hilft, die Haut glatt und weich zu halten. Es reduziert den transepidermalen Wasserverlust und [&hellip;]<\/p>\n","protected":false},"author":1,"featured_media":0,"parent":566,"menu_order":0,"comment_status":"closed","ping_status":"closed","template":"","meta":{"_acf_changed":false,"site-sidebar-layout":"default","site-content-layout":"","ast-site-content-layout":"","site-content-style":"default","site-sidebar-style":"default","ast-global-header-display":"","ast-banner-title-visibility":"","ast-main-header-display":"","ast-hfb-above-header-display":"","ast-hfb-below-header-display":"","ast-hfb-mobile-header-display":"","site-post-title":"","ast-breadcrumbs-content":"","ast-featured-img":"","footer-sml-layout":"","theme-transparent-header-meta":"","adv-header-id-meta":"","stick-header-meta":"","header-above-stick-meta":"","header-main-stick-meta":"","header-below-stick-meta":"","astra-migrate-meta-layouts":"default","ast-page-background-enabled":"default","ast-page-background-meta":{"desktop":{"background-color":"var(--ast-global-color-4)","background-image":"","background-repeat":"repeat","background-position":"center center","background-size":"auto","background-attachment":"scroll","background-type":"","background-media":"","overlay-type":"","overlay-color":"","overlay-opacity":"","overlay-gradient":""},"tablet":{"background-color":"","background-image":"","background-repeat":"repeat","background-position":"center center","background-size":"auto","background-attachment":"scroll","background-type":"","background-media":"","overlay-type":"","overlay-color":"","overlay-opacity":"","overlay-gradient":""},"mobile":{"background-color":"","background-image":"","background-repeat":"repeat","background-position":"center center","background-size":"auto","background-attachment":"scroll","background-type":"","background-media":"","overlay-type":"","overlay-color":"","overlay-opacity":"","overlay-gradient":""}},"ast-content-background-meta":{"desktop":{"background-color":"var(--ast-global-color-5)","background-image":"","background-repeat":"repeat","background-position":"center center","background-size":"auto","background-attachment":"scroll","background-type":"","background-media":"","overlay-type":"","overlay-color":"","overlay-opacity":"","overlay-gradient":""},"tablet":{"background-color":"var(--ast-global-color-5)","background-image":"","background-repeat":"repeat","background-position":"center center","background-size":"auto","background-attachment":"scroll","background-type":"","background-media":"","overlay-type":"","overlay-color":"","overlay-opacity":"","overlay-gradient":""},"mobile":{"background-color":"var(--ast-global-color-5)","background-image":"","background-repeat":"repeat","background-position":"center center","background-size":"auto","background-attachment":"scroll","background-type":"","background-media":"","overlay-type":"","overlay-color":"","overlay-opacity":"","overlay-gradient":""}},"footnotes":""},"class_list":["post-569","page","type-page","status-publish","hentry"],"acf":[],"yoast_head":"<!-- This site is optimized with the Yoast SEO plugin v27.5 - https:\/\/yoast.com\/product\/yoast-seo-wordpress\/ -->\n<title>Ethyl ascorbic acid - Satcotek<\/title>\n<meta name=\"robots\" content=\"index, follow, max-snippet:-1, max-image-preview:large, max-video-preview:-1\" \/>\n<link rel=\"canonical\" href=\"https:\/\/www.satcotek.com\/en\/careriq-oe\/antioxidantien\/ethyl-ascorbic-acid\/\" \/>\n<meta property=\"og:locale\" content=\"en_US\" \/>\n<meta property=\"og:type\" content=\"article\" \/>\n<meta property=\"og:title\" content=\"Ethyl ascorbic acid - Satcotek\" \/>\n<meta property=\"og:description\" content=\"Hydriertes Polydecen ist ein Weichmacher, der hilft, die Haut glatt und weich zu halten. Es reduziert den transepidermalen Wasserverlust und [&hellip;]\" \/>\n<meta property=\"og:url\" content=\"https:\/\/www.satcotek.com\/en\/careriq-oe\/antioxidantien\/ethyl-ascorbic-acid\/\" \/>\n<meta property=\"og:site_name\" content=\"Satcotek\" \/>\n<meta property=\"article:modified_time\" content=\"2024-08-13T19:59:55+00:00\" \/>\n<meta name=\"twitter:card\" content=\"summary_large_image\" \/>\n<meta name=\"twitter:label1\" content=\"Est. reading time\" \/>\n\t<meta name=\"twitter:data1\" content=\"1 minute\" \/>\n<script type=\"application\/ld+json\" class=\"yoast-schema-graph\">{\"@context\":\"https:\\\/\\\/schema.org\",\"@graph\":[{\"@type\":\"WebPage\",\"@id\":\"https:\\\/\\\/www.satcotek.com\\\/en\\\/careriq-oe\\\/antioxidantien\\\/ethyl-ascorbic-acid\\\/\",\"url\":\"https:\\\/\\\/www.satcotek.com\\\/en\\\/careriq-oe\\\/antioxidantien\\\/ethyl-ascorbic-acid\\\/\",\"name\":\"Ethyl ascorbic acid - Satcotek\",\"isPartOf\":{\"@id\":\"https:\\\/\\\/www.satcotek.com\\\/en\\\/#website\"},\"datePublished\":\"2016-10-22T10:11:25+00:00\",\"dateModified\":\"2024-08-13T19:59:55+00:00\",\"breadcrumb\":{\"@id\":\"https:\\\/\\\/www.satcotek.com\\\/en\\\/careriq-oe\\\/antioxidantien\\\/ethyl-ascorbic-acid\\\/#breadcrumb\"},\"inLanguage\":\"en-US\",\"potentialAction\":[{\"@type\":\"ReadAction\",\"target\":[\"https:\\\/\\\/www.satcotek.com\\\/en\\\/careriq-oe\\\/antioxidantien\\\/ethyl-ascorbic-acid\\\/\"]}]},{\"@type\":\"BreadcrumbList\",\"@id\":\"https:\\\/\\\/www.satcotek.com\\\/en\\\/careriq-oe\\\/antioxidantien\\\/ethyl-ascorbic-acid\\\/#breadcrumb\",\"itemListElement\":[{\"@type\":\"ListItem\",\"position\":1,\"name\":\"Startseite\",\"item\":\"https:\\\/\\\/www.satcotek.com\\\/en\\\/\"},{\"@type\":\"ListItem\",\"position\":2,\"name\":\"Careriq OE\",\"item\":\"https:\\\/\\\/www.satcotek.com\\\/en\\\/?page_id=561\"},{\"@type\":\"ListItem\",\"position\":3,\"name\":\"Vitamin &#038; Antioxidant\",\"item\":\"https:\\\/\\\/www.satcotek.com\\\/en\\\/products__trashed\\\/antioxidantien\\\/\"},{\"@type\":\"ListItem\",\"position\":4,\"name\":\"Ethyl ascorbic acid\"}]},{\"@type\":\"WebSite\",\"@id\":\"https:\\\/\\\/www.satcotek.com\\\/en\\\/#website\",\"url\":\"https:\\\/\\\/www.satcotek.com\\\/en\\\/\",\"name\":\"Satcotek\",\"description\":\"Lieferant f\u00fcr Kosmetikrohstoffe\",\"publisher\":{\"@id\":\"https:\\\/\\\/www.satcotek.com\\\/en\\\/#organization\"},\"potentialAction\":[{\"@type\":\"SearchAction\",\"target\":{\"@type\":\"EntryPoint\",\"urlTemplate\":\"https:\\\/\\\/www.satcotek.com\\\/en\\\/?s={search_term_string}\"},\"query-input\":{\"@type\":\"PropertyValueSpecification\",\"valueRequired\":true,\"valueName\":\"search_term_string\"}}],\"inLanguage\":\"en-US\"},{\"@type\":\"Organization\",\"@id\":\"https:\\\/\\\/www.satcotek.com\\\/en\\\/#organization\",\"name\":\"Satcotek GmbH\",\"url\":\"https:\\\/\\\/www.satcotek.com\\\/en\\\/\",\"logo\":{\"@type\":\"ImageObject\",\"inLanguage\":\"en-US\",\"@id\":\"https:\\\/\\\/www.satcotek.com\\\/en\\\/#\\\/schema\\\/logo\\\/image\\\/\",\"url\":\"https:\\\/\\\/www.satcotek.com\\\/wp-content\\\/uploads\\\/2016\\\/10\\\/satcotek-1.png\",\"contentUrl\":\"https:\\\/\\\/www.satcotek.com\\\/wp-content\\\/uploads\\\/2016\\\/10\\\/satcotek-1.png\",\"width\":598,\"height\":200,\"caption\":\"Satcotek GmbH\"},\"image\":{\"@id\":\"https:\\\/\\\/www.satcotek.com\\\/en\\\/#\\\/schema\\\/logo\\\/image\\\/\"}}]}<\/script>\n<!-- \/ Yoast SEO plugin. -->","yoast_head_json":{"title":"Ethyl ascorbic acid - Satcotek","robots":{"index":"index","follow":"follow","max-snippet":"max-snippet:-1","max-image-preview":"max-image-preview:large","max-video-preview":"max-video-preview:-1"},"canonical":"https:\/\/www.satcotek.com\/en\/careriq-oe\/antioxidantien\/ethyl-ascorbic-acid\/","og_locale":"en_US","og_type":"article","og_title":"Ethyl ascorbic acid - Satcotek","og_description":"Hydriertes Polydecen ist ein Weichmacher, der hilft, die Haut glatt und weich zu halten. Es reduziert den transepidermalen Wasserverlust und [&hellip;]","og_url":"https:\/\/www.satcotek.com\/en\/careriq-oe\/antioxidantien\/ethyl-ascorbic-acid\/","og_site_name":"Satcotek","article_modified_time":"2024-08-13T19:59:55+00:00","twitter_card":"summary_large_image","twitter_misc":{"Est. reading time":"1 minute"},"schema":{"@context":"https:\/\/schema.org","@graph":[{"@type":"WebPage","@id":"https:\/\/www.satcotek.com\/en\/careriq-oe\/antioxidantien\/ethyl-ascorbic-acid\/","url":"https:\/\/www.satcotek.com\/en\/careriq-oe\/antioxidantien\/ethyl-ascorbic-acid\/","name":"Ethyl ascorbic acid - Satcotek","isPartOf":{"@id":"https:\/\/www.satcotek.com\/en\/#website"},"datePublished":"2016-10-22T10:11:25+00:00","dateModified":"2024-08-13T19:59:55+00:00","breadcrumb":{"@id":"https:\/\/www.satcotek.com\/en\/careriq-oe\/antioxidantien\/ethyl-ascorbic-acid\/#breadcrumb"},"inLanguage":"en-US","potentialAction":[{"@type":"ReadAction","target":["https:\/\/www.satcotek.com\/en\/careriq-oe\/antioxidantien\/ethyl-ascorbic-acid\/"]}]},{"@type":"BreadcrumbList","@id":"https:\/\/www.satcotek.com\/en\/careriq-oe\/antioxidantien\/ethyl-ascorbic-acid\/#breadcrumb","itemListElement":[{"@type":"ListItem","position":1,"name":"Startseite","item":"https:\/\/www.satcotek.com\/en\/"},{"@type":"ListItem","position":2,"name":"Careriq OE","item":"https:\/\/www.satcotek.com\/en\/?page_id=561"},{"@type":"ListItem","position":3,"name":"Vitamin &#038; Antioxidant","item":"https:\/\/www.satcotek.com\/en\/products__trashed\/antioxidantien\/"},{"@type":"ListItem","position":4,"name":"Ethyl ascorbic acid"}]},{"@type":"WebSite","@id":"https:\/\/www.satcotek.com\/en\/#website","url":"https:\/\/www.satcotek.com\/en\/","name":"Satcotek","description":"Lieferant f\u00fcr Kosmetikrohstoffe","publisher":{"@id":"https:\/\/www.satcotek.com\/en\/#organization"},"potentialAction":[{"@type":"SearchAction","target":{"@type":"EntryPoint","urlTemplate":"https:\/\/www.satcotek.com\/en\/?s={search_term_string}"},"query-input":{"@type":"PropertyValueSpecification","valueRequired":true,"valueName":"search_term_string"}}],"inLanguage":"en-US"},{"@type":"Organization","@id":"https:\/\/www.satcotek.com\/en\/#organization","name":"Satcotek GmbH","url":"https:\/\/www.satcotek.com\/en\/","logo":{"@type":"ImageObject","inLanguage":"en-US","@id":"https:\/\/www.satcotek.com\/en\/#\/schema\/logo\/image\/","url":"https:\/\/www.satcotek.com\/wp-content\/uploads\/2016\/10\/satcotek-1.png","contentUrl":"https:\/\/www.satcotek.com\/wp-content\/uploads\/2016\/10\/satcotek-1.png","width":598,"height":200,"caption":"Satcotek GmbH"},"image":{"@id":"https:\/\/www.satcotek.com\/en\/#\/schema\/logo\/image\/"}}]}},"_links":{"self":[{"href":"https:\/\/www.satcotek.com\/en\/wp-json\/wp\/v2\/pages\/569","targetHints":{"allow":["GET"]}}],"collection":[{"href":"https:\/\/www.satcotek.com\/en\/wp-json\/wp\/v2\/pages"}],"about":[{"href":"https:\/\/www.satcotek.com\/en\/wp-json\/wp\/v2\/types\/page"}],"author":[{"embeddable":true,"href":"https:\/\/www.satcotek.com\/en\/wp-json\/wp\/v2\/users\/1"}],"replies":[{"embeddable":true,"href":"https:\/\/www.satcotek.com\/en\/wp-json\/wp\/v2\/comments?post=569"}],"version-history":[{"count":8,"href":"https:\/\/www.satcotek.com\/en\/wp-json\/wp\/v2\/pages\/569\/revisions"}],"predecessor-version":[{"id":4642,"href":"https:\/\/www.satcotek.com\/en\/wp-json\/wp\/v2\/pages\/569\/revisions\/4642"}],"up":[{"embeddable":true,"href":"https:\/\/www.satcotek.com\/en\/wp-json\/wp\/v2\/pages\/566"}],"wp:attachment":[{"href":"https:\/\/www.satcotek.com\/en\/wp-json\/wp\/v2\/media?parent=569"}],"curies":[{"name":"wp","href":"https:\/\/api.w.org\/{rel}","templated":true}]}}